{"id":100,"date":"2026-04-09T16:04:30","date_gmt":"2026-04-09T16:04:30","guid":{"rendered":"https:\/\/www.resonances21.com\/?page_id=100"},"modified":"2026-04-09T20:06:47","modified_gmt":"2026-04-09T20:06:47","slug":"soutien-mecenat","status":"publish","type":"page","link":"https:\/\/www.resonances21.com\/index.php\/soutien-mecenat\/","title":{"rendered":"Soutien, m\u00e9c\u00e9nat"},"content":{"rendered":"\t\t<div data-elementor-type=\"wp-page\" data-elementor-id=\"100\" class=\"elementor elementor-100\">\n\t\t\t\t\t\t<div class=\"elementor-element elementor-element-55e468e e-con e-atomic-element e-flexbox-base\" data-id=\"55e468e\" data-element_type=\"e-flexbox\" data-e-type=\"e-flexbox\" data-interaction-id=\"55e468e\">\n\t\t\t\t\t\t\t<h2 \n\t\tdata-interaction-id=\"19007e7\" \n\t\tclass=\"e-19007e7-c3367a8 e-heading-base\" \n\t\t \n\t\t\n\t>\n\t\n\t\t\tSoutenez RESONANCES XXI\n\t\t<\/h2>\n\t\t\t\t<\/div>\n\t\t<div class=\"elementor-element elementor-element-ff24e2a e-flex e-con-boxed e-con e-parent\" data-id=\"ff24e2a\" data-element_type=\"container\" data-e-type=\"container\">\n\t\t\t\t\t<div class=\"e-con-inner\">\n\t\t\t\t\t<\/div>\n\t\t\t\t<\/div>\n\t\t\t\t<div class=\"elementor-element elementor-element-33f7561 e-con e-atomic-element e-flexbox-base\" data-id=\"33f7561\" data-element_type=\"e-flexbox\" data-e-type=\"e-flexbox\" data-interaction-id=\"33f7561\">\n\t\t\t\t\t\t\t<h2 \n\t\tdata-interaction-id=\"d0e0107\" \n\t\tclass=\"e-d0e0107-d994d09 e-heading-base\" \n\t\t \n\t\t\n\t>\n\t\n\t\t\t<em>Devenez donateur ou m\u00e9c\u00e8ne et profitez des avantages fiscaux r\u00e9serv\u00e9s aux particuliers et aux entreprises.<\/em>\n\t\t<\/h2>\n\t\t\t\t<\/div>\n\t\t<div class=\"elementor-element elementor-element-a1cb376 e-flex e-con-boxed e-con e-parent\" data-id=\"a1cb376\" data-element_type=\"container\" data-e-type=\"container\">\n\t\t\t\t\t<div class=\"e-con-inner\">\n\t\t\t\t<div class=\"elementor-element elementor-element-7c4d731 elementor-view-default elementor-widget elementor-widget-icon\" data-id=\"7c4d731\" data-element_type=\"widget\" data-e-type=\"widget\" data-widget_type=\"icon.default\">\n\t\t\t\t\t\t\t<div class=\"elementor-icon-wrapper\">\n\t\t\t<a class=\"elementor-icon\" href=\"https:\/\/www.resonances21.com\/wp-content\/uploads\/2026\/04\/coupon-mecenat-site.pdf\">\n\t\t\t<svg aria-hidden=\"true\" class=\"e-font-icon-svg e-fas-upload\" viewBox=\"0 0 512 512\" xmlns=\"http:\/\/www.w3.org\/2000\/svg\"><path d=\"M296 384h-80c-13.3 0-24-10.7-24-24V192h-87.7c-17.8 0-26.7-21.5-14.1-34.1L242.3 5.7c7.5-7.5 19.8-7.5 27.3 0l152.2 152.2c12.6 12.6 3.7 34.1-14.1 34.1H320v168c0 13.3-10.7 24-24 24zm216-8v112c0 13.3-10.7 24-24 24H24c-13.3 0-24-10.7-24-24V376c0-13.3 10.7-24 24-24h136v8c0 30.9 25.1 56 56 56h80c30.9 0 56-25.1 56-56v-8h136c13.3 0 24 10.7 24 24zm-124 88c0-11-9-20-20-20s-20 9-20 20 9 20 20 20 20-9 20-20zm64 0c0-11-9-20-20-20s-20 9-20 20 9 20 20 20 20-9 20-20z\"><\/path><\/svg>\t\t\t<\/a>\n\t\t<\/div>\n\t\t\t\t\t\t<\/div>\n\t\t\t\t<div class=\"elementor-element elementor-element-1e24622 elementor-widget elementor-widget-text-editor\" data-id=\"1e24622\" data-element_type=\"widget\" data-e-type=\"widget\" data-widget_type=\"text-editor.default\">\n\t\t\t\t\t\t\t\t\t<p>Particuliers ou entreprise, nous vous invitons \u00e0 t\u00e9l\u00e9charger notre bulletin d&rsquo;adh\u00e9sion et m\u00e9c\u00e9nat.<\/p>\t\t\t\t\t\t\t\t<\/div>\n\t\t\t\t\t<\/div>\n\t\t\t\t<\/div>\n\t\t<div class=\"elementor-element elementor-element-7ce259b e-flex e-con-boxed e-con e-parent\" data-id=\"7ce259b\" data-element_type=\"container\" data-e-type=\"container\">\n\t\t\t\t\t<div class=\"e-con-inner\">\n\t\t\t\t<div class=\"elementor-element elementor-element-e2a0305 elementor-widget elementor-widget-text-editor\" data-id=\"e2a0305\" data-element_type=\"widget\" data-e-type=\"widget\" data-widget_type=\"text-editor.default\">\n\t\t\t\t\t\t\t\t\t<div id=\"cc-m-5833675351\" class=\"j-module n j-header \"><div>RESONANCES XXI est une association loi 1901 \u00e0 but non lucratif et reconnue d\u2019utilit\u00e9 publique. \u00c0 ce titre l\u2019association est \u00e9ligible au m\u00e9c\u00e9nat. Ses ressources sont aujourd\u2019hui constitu\u00e9es essentiellement de la diffusion de ses productions et de subventions publiques. Les dons ou m\u00e9c\u00e9nats lui permettront d\u2019\u00e9largir le champ de ses activit\u00e9s, de soutenir et d\u00e9velopper ses projets artistiques (commandes, cr\u00e9ations, concerts, enregistrements, projets innovants, actions p\u00e9dagogiques\u2026)<\/div><\/div><div id=\"cc-m-4236551951\" class=\"j-module n j-text \"><p>Fiscalement, le m\u00e9c\u00e9nat est consid\u00e9r\u00e9 comme un acte philanthropique, un \u00absoutien mat\u00e9riel apport\u00e9, sans contrepartie directe de la part du b\u00e9n\u00e9ficiaire, \u00e0 une \u0153uvre ou \u00e0 une personne pour l\u2019exercice d\u2019activit\u00e9s pr\u00e9sentant un int\u00e9r\u00eat g\u00e9n\u00e9ral\u00bb (arr\u00eat\u00e9 du 6 janvier 1989). Il b\u00e9n\u00e9ficie ainsi de dispositions fiscales particuli\u00e8res.<\/p><p><strong>1- Vous \u00eates un particulier<\/strong><\/p><p>Vous pouvez soutenir personnellement l\u2019association et devenir donateur\/m\u00e9c\u00e8ne.<\/p><p>Gr\u00e2ce aux dispositions fiscales en vigueur, vous pouvez b\u00e9n\u00e9ficier d\u2019une r\u00e9duction d\u2019imp\u00f4ts sur le revenu \u00e9gale \u00e0 66% des sommes vers\u00e9es au titre de dons, dans la limite annuelle de 20% de votre revenu imposable.<\/p><p>L\u2019association vous adressera un re\u00e7u fiscal \u00e0 joindre \u00e0 votre d\u00e9claration de revenus en d\u00e9but d\u2019ann\u00e9e suivante.<\/p><\/div><div id=\"cc-m-4236551951\" class=\"j-module n j-text \"><p><strong>Exemples<\/strong>\u00a0:<\/p><\/div><div id=\"cc-m-5522824451\" class=\"j-module n j-table \"><table border=\"1\" width=\"235\"><tbody><tr><td><strong>Pour un don de\u2026<\/strong><\/td><td><strong>Une r\u00e9duction d\u2019imp\u00f4t de\u2026<\/strong><\/td><td><strong>Co\u00fbt r\u00e9el du don\u2026<\/strong><\/td><\/tr><tr><td>50 \u20ac<\/td><td>33 \u20ac<\/td><td>17 \u20ac<\/td><\/tr><tr><td>100 \u20ac<\/td><td>66 \u20ac<\/td><td>34 \u20ac<\/td><\/tr><tr><td>200 \u20ac<\/td><td>132 \u20ac<\/td><td>68 \u20ac<\/td><\/tr><tr><td>500 \u20ac<\/td><td>330 \u20ac<\/td><td><p>170 \u20ac<\/p><\/td><\/tr><\/tbody><\/table><div id=\"cc-m-4236553051\" class=\"j-module n j-text \"><p>\u00a0<\/p><p><strong>2- Vous \u00eates une entreprise\u00a0<\/strong><\/p><p>Lorsqu\u2019une entreprise assujettie \u00e0 l\u2019imp\u00f4t en France fait un don \u00e0 un organisme d\u2019utilit\u00e9 publique, elle b\u00e9n\u00e9ficie d\u2019une r\u00e9duction de l\u2019imp\u00f4t sur les soci\u00e9t\u00e9s ou de l\u2019imp\u00f4t sur le revenu, mais peut aussi b\u00e9n\u00e9ficier de certaines contreparties en communication et relations publiques.<\/p><ul><li>R\u00e9duction d\u2019imp\u00f4ts de 60% des sommes vers\u00e9es au titre de dons, dans la limite annuelle de 0,5% du chiffre d\u2019affaires HT, avec possibilit\u00e9, en cas de d\u00e9passement de ce plafond, de reporter l\u2019exc\u00e9dent au titre des 5 exercices suivants.<\/li><\/ul><p>A la r\u00e9ception du don, l\u2019association vous adressera un re\u00e7u fiscal.<\/p><ul><li>Les contreparties constituent un avantage offert par le b\u00e9n\u00e9ficiaire au donateur en plus de la r\u00e9duction d\u2019imp\u00f4t. Elles sont admises \u00e0 hauteur de 25% du montant du don net de la r\u00e9duction d\u2019imp\u00f4ts, sous forme de places de concert, pr\u00e9sence du logo de l\u2019entreprise dans la communication de l\u2019association, insertions publicitaires, etc.<\/li><\/ul><p><strong>Exemples\u00a0:<\/strong><\/p><\/div><div id=\"cc-m-5522815251\" class=\"j-module n j-table \"><table border=\"1\"><tbody><tr><td><p><strong>Pour un\u00a0<\/strong><strong>don de\u2026<\/strong><\/p><\/td><td><p><strong>Une r\u00e9duction\u00a0<\/strong><strong>d\u2019imp\u00f4t de\u2026<\/strong><\/p><\/td><td><p><strong>Co\u00fbt r\u00e9eel du don\u00a0<\/strong><strong>sans\u00a0<\/strong><strong>contreparties\u2026<\/strong><\/p><\/td><td><p><strong>Contreparties\u00a0<\/strong><strong>possibles<\/strong><\/p><\/td><td><p><strong>Co\u00fbt r\u00e9el du don\u00a0<\/strong><strong>avec\u00a0<\/strong><strong>contreparties\u2026<\/strong><\/p><\/td><\/tr><tr><td>1 000\u20ac<\/td><td>600 \u20ac<\/td><td>400 \u20ac<\/td><td>100 \u20ac<\/td><td>300 \u20ac<\/td><\/tr><tr><td>5 000 \u20ac<\/td><td>3 000 \u20ac<\/td><td>2 000 \u20ac<\/td><td>500 \u20ac<\/td><td>1 500 \u20ac<\/td><\/tr><tr><td>10 000 \u20ac<\/td><td>6 000 \u20ac<\/td><td>4 000 \u20ac<\/td><td>1 000 \u20ac<\/td><td>3 000 \u20ac<\/td><\/tr><tr><td>25 000 \u20ac<\/td><td>15 000 \u20ac<\/td><td>10 000 \u20ac<\/td><td>2 500 \u20ac<\/td><td>7 500 \u20ac<\/td><\/tr><\/tbody><\/table><\/div><div id=\"cc-m-4236567451\" class=\"j-module n j-text \"><p>Pour tout renseignement :\u00a0<a href=\"https:\/\/web.archive.org\/web\/20240222031923\/https:\/\/resonances21.com\/soutien-mecenat\/contact@resonances21.com\">contact@resonances21.com<\/a>\u00a0ou t\u00e9l : 06 20 53 70 73<\/p><\/div><\/div>\t\t\t\t\t\t\t\t<\/div>\n\t\t\t\t\t<\/div>\n\t\t\t\t<\/div>\n\t\t\t\t<\/div>\n\t\t","protected":false},"excerpt":{"rendered":"<p>Soutenez RESONANCES XXI Devenez donateur ou m\u00e9c\u00e8ne et profitez des avantages fiscaux r\u00e9serv\u00e9s aux particuliers et aux entreprises. Particuliers ou entreprise, nous vous invitons \u00e0 t\u00e9l\u00e9charger notre bulletin d&rsquo;adh\u00e9sion et m\u00e9c\u00e9nat. RESONANCES XXI est une association loi 1901 \u00e0 but non lucratif et reconnue d\u2019utilit\u00e9 publique. \u00c0 ce titre l\u2019association est \u00e9ligible au m\u00e9c\u00e9nat. Ses &#8230; <a title=\"Soutien, m\u00e9c\u00e9nat\" class=\"read-more\" href=\"https:\/\/www.resonances21.com\/index.php\/soutien-mecenat\/\" aria-label=\"En savoir plus sur Soutien, m\u00e9c\u00e9nat\">Lire la suite<\/a><\/p>\n","protected":false},"author":3,"featured_media":0,"parent":0,"menu_order":0,"comment_status":"closed","ping_status":"closed","template":"","meta":{"footnotes":""},"class_list":["post-100","page","type-page","status-publish"],"_links":{"self":[{"href":"https:\/\/www.resonances21.com\/index.php\/wp-json\/wp\/v2\/pages\/100","targetHints":{"allow":["GET"]}}],"collection":[{"href":"https:\/\/www.resonances21.com\/index.php\/wp-json\/wp\/v2\/pages"}],"about":[{"href":"https:\/\/www.resonances21.com\/index.php\/wp-json\/wp\/v2\/types\/page"}],"author":[{"embeddable":true,"href":"https:\/\/www.resonances21.com\/index.php\/wp-json\/wp\/v2\/users\/3"}],"replies":[{"embeddable":true,"href":"https:\/\/www.resonances21.com\/index.php\/wp-json\/wp\/v2\/comments?post=100"}],"version-history":[{"count":17,"href":"https:\/\/www.resonances21.com\/index.php\/wp-json\/wp\/v2\/pages\/100\/revisions"}],"predecessor-version":[{"id":170,"href":"https:\/\/www.resonances21.com\/index.php\/wp-json\/wp\/v2\/pages\/100\/revisions\/170"}],"wp:attachment":[{"href":"https:\/\/www.resonances21.com\/index.php\/wp-json\/wp\/v2\/media?parent=100"}],"curies":[{"name":"wp","href":"https:\/\/api.w.org\/{rel}","templated":true}]}}