{"id":23,"date":"2026-04-09T15:05:33","date_gmt":"2026-04-09T15:05:33","guid":{"rendered":"https:\/\/www.resonances21.com\/index.php\/colibri-wp\/"},"modified":"2026-04-09T17:06:50","modified_gmt":"2026-04-09T17:06:50","slug":"colibri-wp","status":"publish","type":"page","link":"https:\/\/www.resonances21.com\/","title":{"rendered":"Accueil"},"content":{"rendered":"\t\t<div data-elementor-type=\"wp-page\" data-elementor-id=\"23\" class=\"elementor elementor-23\">\n\t\t\t\t\t\t<div class=\"elementor-element elementor-element-516de88 e-con e-atomic-element e-flexbox-base\" data-id=\"516de88\" data-element_type=\"e-flexbox\" data-e-type=\"e-flexbox\" data-interaction-id=\"516de88\">\n\t\t\t\t\t\t\t\t\t<div data-id=\"e236e72\" data-interaction-id=\"e236e72\" data-e-type=\"e-youtube\"  class=\"e-e236e72-262a1ec e-youtube-base\"  data-settings=\"&#x7B;&quot;source&quot;&#x3A;&quot;https&#x3A;&#x5C;&#x2F;&#x5C;&#x2F;youtu.be&#x5C;&#x2F;BeFGFJbmfdQ&#x3F;si&#x3D;R7Ql0MypwG_yhE6Q&quot;,&quot;autoplay&quot;&#x3A;true,&quot;mute&quot;&#x3A;false,&quot;controls&quot;&#x3A;true,&quot;cc_load_policy&quot;&#x3A;false,&quot;loop&quot;&#x3A;false,&quot;rel&quot;&#x3A;true,&quot;start&quot;&#x3A;null,&quot;end&quot;&#x3A;null,&quot;privacy&quot;&#x3A;false,&quot;lazyload&quot;&#x3A;false&#x7D;\"><\/div>\n\t\t\t\t<\/div>\n\t\t<div class=\"elementor-element elementor-element-1e7ee28 e-flex e-con-boxed e-con e-parent\" data-id=\"1e7ee28\" data-element_type=\"container\" data-e-type=\"container\">\n\t\t\t\t\t<div class=\"e-con-inner\">\n\t\t\t\t<div class=\"elementor-element elementor-element-be9fe7c elementor-widget elementor-widget-spacer\" data-id=\"be9fe7c\" data-element_type=\"widget\" data-e-type=\"widget\" data-widget_type=\"spacer.default\">\n\t\t\t\t\t\t\t<div class=\"elementor-spacer\">\n\t\t\t<div class=\"elementor-spacer-inner\"><\/div>\n\t\t<\/div>\n\t\t\t\t\t\t<\/div>\n\t\t\t\t<div class=\"elementor-element elementor-element-9f04c9a elementor-widget elementor-widget-text-editor\" data-id=\"9f04c9a\" data-element_type=\"widget\" data-e-type=\"widget\" data-widget_type=\"text-editor.default\">\n\t\t\t\t\t\t\t\t\t<p class=\"p1\">RESONANCES XX est un collectif de fl\u00fbtistes dirig\u00e9 par le chef d\u2019orchestre Olivier Guion. Anim\u00e9s par la volont\u00e9 d\u2019offrir \u00e0 tous les publics la d\u00e9couverte d\u2019une formation atypique et d\u2019un r\u00e9pertoire original, passionn\u00e9s par la cr\u00e9ation contemporaine, ils travaillent avec de nombreux compositeurs, solistes, danseurs, com\u00e9diens, plasticiens de tous horizons artistiques.<\/p><p class=\"p1\">Ensemble \u00e0 g\u00e9om\u00e9trie variable, RESONANCES XXI offre une programmation \u00e9clectique : \u0153uvres nouvelles ou \u00e0 red\u00e9couvrir, projets exp\u00e9rimentaux, spatialisations, commandes, actions p\u00e9dagogiques\u2026<\/p><p class=\"p1\">Toute la famille des fl\u00fbtes traversi\u00e8res, du piccolo \u00e0 la double-contrebasse, est mise \u00e0 l\u2019honneur dans ses diff\u00e9rents projets\u00a0:\u00a0R\u00e9sonances n\u00e9erlandaises,\u00a0The Day after, Prix Vedrarias Musique,\u00a0Our Patio, La Danse du Sirli, Naruto Strait, Circle\u2026<\/p><p class=\"p1\">En 2023, Our Patio,\u00a0commande de RESONANCES XXI, a donn\u00e9 lieu \u00e0 une cr\u00e9ation audiovisuelle de Celia Swart et Guillaume Ruscon.<br \/>Plus r\u00e9cemment, l\u2019ensemble a r\u00e9alis\u00e9 plusieurs cr\u00e9ations de Jean-Mathias P\u00e9tri, Didier Schein, Agn\u00e8s Vr\u00e2nceanu, Jelle Hogenhuis\u2026 et\u00a0a particuli\u00e8rement d\u00e9velopp\u00e9 des projets autour des fl\u00fbtes graves.<\/p><p class=\"p1\">RESONANCES XXI est actuellement en r\u00e9sidence au CAEL de Bourg la Reine.<\/p><p>Direction musicale : Olivier Guion<\/p><p>Conseillers artistiques : Patricia Nagle et Patrice Bocquillon<\/p>\t\t\t\t\t\t\t\t<\/div>\n\t\t\t\t\t<\/div>\n\t\t\t\t<\/div>\n\t\t\t\t<\/div>\n\t\t","protected":false},"excerpt":{"rendered":"<p>RESONANCES XX est un collectif de fl\u00fbtistes dirig\u00e9 par le chef d\u2019orchestre Olivier Guion. Anim\u00e9s par la volont\u00e9 d\u2019offrir \u00e0 tous les publics la d\u00e9couverte d\u2019une formation atypique et d\u2019un r\u00e9pertoire original, passionn\u00e9s par la cr\u00e9ation contemporaine, ils travaillent avec de nombreux compositeurs, solistes, danseurs, com\u00e9diens, plasticiens de tous horizons artistiques. Ensemble \u00e0 g\u00e9om\u00e9trie variable, &#8230; <a title=\"Accueil\" class=\"read-more\" href=\"https:\/\/www.resonances21.com\/\" aria-label=\"En savoir plus sur Accueil\">Lire la suite<\/a><\/p>\n","protected":false},"author":3,"featured_media":0,"parent":0,"menu_order":0,"comment_status":"closed","ping_status":"closed","template":"","meta":{"footnotes":""},"class_list":["post-23","page","type-page","status-publish"],"_links":{"self":[{"href":"https:\/\/www.resonances21.com\/index.php\/wp-json\/wp\/v2\/pages\/23","targetHints":{"allow":["GET"]}}],"collection":[{"href":"https:\/\/www.resonances21.com\/index.php\/wp-json\/wp\/v2\/pages"}],"about":[{"href":"https:\/\/www.resonances21.com\/index.php\/wp-json\/wp\/v2\/types\/page"}],"author":[{"embeddable":true,"href":"https:\/\/www.resonances21.com\/index.php\/wp-json\/wp\/v2\/users\/3"}],"replies":[{"embeddable":true,"href":"https:\/\/www.resonances21.com\/index.php\/wp-json\/wp\/v2\/comments?post=23"}],"version-history":[{"count":7,"href":"https:\/\/www.resonances21.com\/index.php\/wp-json\/wp\/v2\/pages\/23\/revisions"}],"predecessor-version":[{"id":134,"href":"https:\/\/www.resonances21.com\/index.php\/wp-json\/wp\/v2\/pages\/23\/revisions\/134"}],"wp:attachment":[{"href":"https:\/\/www.resonances21.com\/index.php\/wp-json\/wp\/v2\/media?parent=23"}],"curies":[{"name":"wp","href":"https:\/\/api.w.org\/{rel}","templated":true}]}}